{"id":2044,"date":"2018-10-22T16:37:05","date_gmt":"2018-10-22T13:37:05","guid":{"rendered":"http:\/\/www.mypc.com.tr\/bilgisayar\/?page_id=2044"},"modified":"2019-09-28T14:46:26","modified_gmt":"2019-09-28T11:46:26","slug":"bahcelievler-karel-santral-ariza-bakim-ve-teknik-servisi","status":"publish","type":"page","link":"https:\/\/www.mypc.com.tr\/bilgisayar\/hizmetlerimiz\/santral-sistemleri-kurulumu\/karel-santral-sistemleri\/bahcelievler-karel-santral-ariza-bakim-ve-teknik-servisi","title":{"rendered":"Bah\u00e7elievler Karel Santral Ar\u0131za Bak\u0131m ve Teknik Servisi"},"content":{"rendered":"\n<p><\/p>\n\n\n\n\n<\/p>\n\n\n\n","protected":false},"excerpt":{"rendered":"","protected":false},"author":1,"featured_media":0,"parent":890,"menu_order":0,"comment_status":"closed","ping_status":"closed","template":"","meta":[],"_links":{"self":[{"href":"https:\/\/www.mypc.com.tr\/bilgisayar\/wp-json\/wp\/v2\/pages\/2044"}],"collection":[{"href":"https:\/\/www.mypc.com.tr\/bilgisayar\/wp-json\/wp\/v2\/pages"}],"about":[{"href":"https:\/\/www.mypc.com.tr\/bilgisayar\/wp-json\/wp\/v2\/types\/page"}],"author":[{"embeddable":true,"href":"https:\/\/www.mypc.com.tr\/bilgisayar\/wp-json\/wp\/v2\/users\/1"}],"replies":[{"embeddable":true,"href":"https:\/\/www.mypc.com.tr\/bilgisayar\/wp-json\/wp\/v2\/comments?post=2044"}],"version-history":[{"count":0,"href":"https:\/\/www.mypc.com.tr\/bilgisayar\/wp-json\/wp\/v2\/pages\/2044\/revisions"}],"up":[{"embeddable":true,"href":"https:\/\/www.mypc.com.tr\/bilgisayar\/wp-json\/wp\/v2\/pages\/890"}],"wp:attachment":[{"href":"https:\/\/www.mypc.com.tr\/bilgisayar\/wp-json\/wp\/v2\/media?parent=2044"}],"curies":[{"name":"wp","href":"https:\/\/api.w.org\/{rel}","templated":true}]}}