{"id":1491,"date":"2017-08-25T11:43:52","date_gmt":"2017-08-25T08:43:52","guid":{"rendered":"http:\/\/www.mypc.com.tr\/guvenlik\/?page_id=1491"},"modified":"2019-12-11T11:32:31","modified_gmt":"2019-12-11T09:32:31","slug":"toptan-guvenlik-kamera-satisi","status":"publish","type":"page","link":"https:\/\/www.mypc.com.tr\/guvenlik\/hizmetlerimiz\/kamera-kayit-sistemleri\/toptan-guvenlik-kamera-satisi","title":{"rendered":"Toptan G\u00fcvenlik Kamera Sat\u0131\u015f\u0131"},"content":{"rendered":"<\/p>\n<\/p>\n\n\n\n<\/p>\n","protected":false},"excerpt":{"rendered":"","protected":false},"author":1,"featured_media":0,"parent":77,"menu_order":0,"comment_status":"closed","ping_status":"closed","template":"","meta":[],"aioseo_notices":[],"_links":{"self":[{"href":"https:\/\/www.mypc.com.tr\/guvenlik\/wp-json\/wp\/v2\/pages\/1491"}],"collection":[{"href":"https:\/\/www.mypc.com.tr\/guvenlik\/wp-json\/wp\/v2\/pages"}],"about":[{"href":"https:\/\/www.mypc.com.tr\/guvenlik\/wp-json\/wp\/v2\/types\/page"}],"author":[{"embeddable":true,"href":"https:\/\/www.mypc.com.tr\/guvenlik\/wp-json\/wp\/v2\/users\/1"}],"replies":[{"embeddable":true,"href":"https:\/\/www.mypc.com.tr\/guvenlik\/wp-json\/wp\/v2\/comments?post=1491"}],"version-history":[{"count":0,"href":"https:\/\/www.mypc.com.tr\/guvenlik\/wp-json\/wp\/v2\/pages\/1491\/revisions"}],"up":[{"embeddable":true,"href":"https:\/\/www.mypc.com.tr\/guvenlik\/wp-json\/wp\/v2\/pages\/77"}],"wp:attachment":[{"href":"https:\/\/www.mypc.com.tr\/guvenlik\/wp-json\/wp\/v2\/media?parent=1491"}],"curies":[{"name":"wp","href":"https:\/\/api.w.org\/{rel}","templated":true}]}}