{"id":4177,"date":"2019-01-29T16:27:30","date_gmt":"2019-01-29T14:27:30","guid":{"rendered":"https:\/\/www.mypc.com.tr\/guvenlik\/?page_id=4177"},"modified":"2020-01-03T18:36:36","modified_gmt":"2020-01-03T15:36:36","slug":"dahua-toptan-guvenlik-kamera-satisi","status":"publish","type":"page","link":"https:\/\/www.mypc.com.tr\/guvenlik\/hizmetlerimiz\/kamera-kayit-sistemleri\/toptan-guvenlik-kamera-satisi\/dahua-toptan-guvenlik-kamera-satisi","title":{"rendered":"Dahua Toptan G\u00fcvenlik Kamera Sat\u0131\u015f\u0131"},"content":{"rendered":"\n\n\n\n\n\n\n<\/p>\n\n\n","protected":false},"excerpt":{"rendered":"","protected":false},"author":1,"featured_media":4178,"parent":1491,"menu_order":0,"comment_status":"closed","ping_status":"closed","template":"","meta":[],"aioseo_notices":[],"_links":{"self":[{"href":"https:\/\/www.mypc.com.tr\/guvenlik\/wp-json\/wp\/v2\/pages\/4177"}],"collection":[{"href":"https:\/\/www.mypc.com.tr\/guvenlik\/wp-json\/wp\/v2\/pages"}],"about":[{"href":"https:\/\/www.mypc.com.tr\/guvenlik\/wp-json\/wp\/v2\/types\/page"}],"author":[{"embeddable":true,"href":"https:\/\/www.mypc.com.tr\/guvenlik\/wp-json\/wp\/v2\/users\/1"}],"replies":[{"embeddable":true,"href":"https:\/\/www.mypc.com.tr\/guvenlik\/wp-json\/wp\/v2\/comments?post=4177"}],"version-history":[{"count":0,"href":"https:\/\/www.mypc.com.tr\/guvenlik\/wp-json\/wp\/v2\/pages\/4177\/revisions"}],"up":[{"embeddable":true,"href":"https:\/\/www.mypc.com.tr\/guvenlik\/wp-json\/wp\/v2\/pages\/1491"}],"wp:featuredmedia":[{"embeddable":true,"href":"https:\/\/www.mypc.com.tr\/guvenlik\/wp-json\/wp\/v2\/media\/4178"}],"wp:attachment":[{"href":"https:\/\/www.mypc.com.tr\/guvenlik\/wp-json\/wp\/v2\/media?parent=4177"}],"curies":[{"name":"wp","href":"https:\/\/api.w.org\/{rel}","templated":true}]}}