{"id":4186,"date":"2019-01-29T16:48:46","date_gmt":"2019-01-29T14:48:46","guid":{"rendered":"https:\/\/www.mypc.com.tr\/guvenlik\/?page_id=4186"},"modified":"2019-09-16T09:53:30","modified_gmt":"2019-09-16T06:53:30","slug":"spy-toptan-guvenlik-kamera-satisi","status":"publish","type":"page","link":"https:\/\/www.mypc.com.tr\/guvenlik\/hizmetlerimiz\/kamera-kayit-sistemleri\/toptan-guvenlik-kamera-satisi\/spy-toptan-guvenlik-kamera-satisi","title":{"rendered":"Spy Toptan G\u00fcvenlik Kamera Sat\u0131\u015f\u0131"},"content":{"rendered":"<\/p>\n<\/p>\n\n\n\n<\/p>\n\n","protected":false},"excerpt":{"rendered":"","protected":false},"author":1,"featured_media":4187,"parent":1491,"menu_order":0,"comment_status":"closed","ping_status":"closed","template":"","meta":[],"aioseo_notices":[],"_links":{"self":[{"href":"https:\/\/www.mypc.com.tr\/guvenlik\/wp-json\/wp\/v2\/pages\/4186"}],"collection":[{"href":"https:\/\/www.mypc.com.tr\/guvenlik\/wp-json\/wp\/v2\/pages"}],"about":[{"href":"https:\/\/www.mypc.com.tr\/guvenlik\/wp-json\/wp\/v2\/types\/page"}],"author":[{"embeddable":true,"href":"https:\/\/www.mypc.com.tr\/guvenlik\/wp-json\/wp\/v2\/users\/1"}],"replies":[{"embeddable":true,"href":"https:\/\/www.mypc.com.tr\/guvenlik\/wp-json\/wp\/v2\/comments?post=4186"}],"version-history":[{"count":0,"href":"https:\/\/www.mypc.com.tr\/guvenlik\/wp-json\/wp\/v2\/pages\/4186\/revisions"}],"up":[{"embeddable":true,"href":"https:\/\/www.mypc.com.tr\/guvenlik\/wp-json\/wp\/v2\/pages\/1491"}],"wp:featuredmedia":[{"embeddable":true,"href":"https:\/\/www.mypc.com.tr\/guvenlik\/wp-json\/wp\/v2\/media\/4187"}],"wp:attachment":[{"href":"https:\/\/www.mypc.com.tr\/guvenlik\/wp-json\/wp\/v2\/media?parent=4186"}],"curies":[{"name":"wp","href":"https:\/\/api.w.org\/{rel}","templated":true}]}}