{"id":4368,"date":"2019-03-19T16:36:20","date_gmt":"2019-03-19T14:36:20","guid":{"rendered":"https:\/\/www.mypc.com.tr\/guvenlik\/?page_id=4368"},"modified":"2019-03-19T16:36:20","modified_gmt":"2019-03-19T14:36:20","slug":"kartli-gecis-sistemleri","status":"publish","type":"page","link":"https:\/\/www.mypc.com.tr\/guvenlik\/hizmetlerimiz\/biyometrik-guvenlik-sistemleri\/kartli-gecis-sistemleri","title":{"rendered":"Kartl\u0131 Ge\u00e7i\u015f Sistemleri"},"content":{"rendered":"<\/p>\n\n\n\n\n","protected":false},"excerpt":{"rendered":"","protected":false},"author":1,"featured_media":4351,"parent":1434,"menu_order":0,"comment_status":"closed","ping_status":"closed","template":"","meta":[],"aioseo_notices":[],"_links":{"self":[{"href":"https:\/\/www.mypc.com.tr\/guvenlik\/wp-json\/wp\/v2\/pages\/4368"}],"collection":[{"href":"https:\/\/www.mypc.com.tr\/guvenlik\/wp-json\/wp\/v2\/pages"}],"about":[{"href":"https:\/\/www.mypc.com.tr\/guvenlik\/wp-json\/wp\/v2\/types\/page"}],"author":[{"embeddable":true,"href":"https:\/\/www.mypc.com.tr\/guvenlik\/wp-json\/wp\/v2\/users\/1"}],"replies":[{"embeddable":true,"href":"https:\/\/www.mypc.com.tr\/guvenlik\/wp-json\/wp\/v2\/comments?post=4368"}],"version-history":[{"count":0,"href":"https:\/\/www.mypc.com.tr\/guvenlik\/wp-json\/wp\/v2\/pages\/4368\/revisions"}],"up":[{"embeddable":true,"href":"https:\/\/www.mypc.com.tr\/guvenlik\/wp-json\/wp\/v2\/pages\/1434"}],"wp:featuredmedia":[{"embeddable":true,"href":"https:\/\/www.mypc.com.tr\/guvenlik\/wp-json\/wp\/v2\/media\/4351"}],"wp:attachment":[{"href":"https:\/\/www.mypc.com.tr\/guvenlik\/wp-json\/wp\/v2\/media?parent=4368"}],"curies":[{"name":"wp","href":"https:\/\/api.w.org\/{rel}","templated":true}]}}