{"id":439,"date":"2016-08-08T18:53:26","date_gmt":"2016-08-08T15:53:26","guid":{"rendered":"http:\/\/www.mypc.com.tr\/guvenlik\/?page_id=439"},"modified":"2016-10-06T17:36:02","modified_gmt":"2016-10-06T14:36:02","slug":"site-haritasi","status":"publish","type":"page","link":"https:\/\/www.mypc.com.tr\/guvenlik\/site-haritasi","title":{"rendered":"Site Haritas\u0131"},"content":{"rendered":"<div id=\"simple-sitemap-container-69d62110a5466\" class=\"simple-sitemap-container simple-sitemap-container-69d62110a5466 tab-disabled\"><div class=\"simple-sitemap-wrap\"><h3 class=\"post-type\">Sayfalar<\/h3><ul class=\"simple-sitemap-page main\"><li class=\"sitemap-item page_item page-item-6\"><a href=\"https:\/\/www.mypc.com.tr\/guvenlik\/\">Ana Sayfa<\/a><\/li>\n<li class=\"sitemap-item page_item page-item-61 page_item_has_children\"><a href=\"https:\/\/www.mypc.com.tr\/guvenlik\/hizmetlerimiz\">Hizmetlerimiz<\/a>\n<ul class='children'>\n\t<li class=\"sitemap-item page_item page-item-79 page_item_has_children\"><a href=\"https:\/\/www.mypc.com.tr\/guvenlik\/hizmetlerimiz\/alarm-guvenlik-sistemleri\">Alarm &amp; G\u00fcvenlik Sistemleri<\/a>\n\t<ul class='children'>\n\t\t<li class=\"sitemap-item page_item page-item-571\"><a href=\"https:\/\/www.mypc.com.tr\/guvenlik\/hizmetlerimiz\/alarm-guvenlik-sistemleri\/desi-alarm\">Desi Alarm<\/a><\/li>\n\t\t<li class=\"sitemap-item page_item page-item-560\"><a href=\"https:\/\/www.mypc.com.tr\/guvenlik\/hizmetlerimiz\/alarm-guvenlik-sistemleri\/dsc-alarm\">DSC Alarm<\/a><\/li>\n\t\t<li class=\"sitemap-item page_item page-item-506\"><a href=\"https:\/\/www.mypc.com.tr\/guvenlik\/hizmetlerimiz\/alarm-guvenlik-sistemleri\/kale-alarm\">Kale Alarm<\/a><\/li>\n\t\t<li class=\"sitemap-item page_item page-item-3940\"><a href=\"https:\/\/www.mypc.com.tr\/guvenlik\/hizmetlerimiz\/alarm-guvenlik-sistemleri\/yangin-alarm-sistemleri\">Yang\u0131n Alarm Sistemleri<\/a><\/li>\n\t<\/ul>\n<\/li>\n\t<li class=\"sitemap-item page_item page-item-1434 page_item_has_children\"><a href=\"https:\/\/www.mypc.com.tr\/guvenlik\/hizmetlerimiz\/biyometrik-guvenlik-sistemleri\">Biyometrik G\u00fcvenlik Sistemleri<\/a>\n\t<ul class='children'>\n\t\t<li class=\"sitemap-item page_item page-item-4368\"><a href=\"https:\/\/www.mypc.com.tr\/guvenlik\/hizmetlerimiz\/biyometrik-guvenlik-sistemleri\/kartli-gecis-sistemleri\">Kartl\u0131 Ge\u00e7i\u015f Sistemleri<\/a><\/li>\n\t\t<li class=\"sitemap-item page_item page-item-4357\"><a href=\"https:\/\/www.mypc.com.tr\/guvenlik\/hizmetlerimiz\/biyometrik-guvenlik-sistemleri\/parmak-izi-tanima-sistemi\">Parmak \u0130zi Tan\u0131ma Sistemleri<\/a><\/li>\n\t\t<li class=\"sitemap-item page_item page-item-4365\"><a href=\"https:\/\/www.mypc.com.tr\/guvenlik\/hizmetlerimiz\/biyometrik-guvenlik-sistemleri\/yuz-tanima-sistemleri\">Y\u00fcz Tan\u0131ma Sistemleri<\/a><\/li>\n\t<\/ul>\n<\/li>\n\t<li class=\"sitemap-item page_item page-item-77 page_item_has_children\"><a href=\"https:\/\/www.mypc.com.tr\/guvenlik\/hizmetlerimiz\/kamera-kayit-sistemleri\">G\u00fcvenlik Kamera ve Kay\u0131t Sistemleri<\/a>\n\t<ul class='children'>\n\t\t<li class=\"sitemap-item page_item page-item-3902\"><a href=\"https:\/\/www.mypc.com.tr\/guvenlik\/hizmetlerimiz\/kamera-kayit-sistemleri\/arac-kamera-sistemleri\">Ara\u00e7 Kamera Sistemleri<\/a><\/li>\n\t\t<li class=\"sitemap-item page_item page-item-5017\"><a href=\"https:\/\/www.mypc.com.tr\/guvenlik\/hizmetlerimiz\/kamera-kayit-sistemleri\/guvenlik-kamera-paketleri-ve-fiyatlari\">G\u00fcvenlik Kamera Paketleri<\/a><\/li>\n\t\t<li class=\"sitemap-item page_item page-item-3879\"><a href=\"https:\/\/www.mypc.com.tr\/guvenlik\/hizmetlerimiz\/kamera-kayit-sistemleri\/plaka-tanima-okuma-sistemleri\">Plaka Tan\u0131ma Sistemleri<\/a><\/li>\n\t\t<li class=\"sitemap-item page_item page-item-1491 page_item_has_children\"><a href=\"https:\/\/www.mypc.com.tr\/guvenlik\/hizmetlerimiz\/kamera-kayit-sistemleri\/toptan-guvenlik-kamera-satisi\">Toptan G\u00fcvenlik Kamera Sat\u0131\u015f\u0131<\/a>\n\t\t<ul class='children'>\n\t\t\t<li class=\"sitemap-item page_item page-item-4182\"><a href=\"https:\/\/www.mypc.com.tr\/guvenlik\/hizmetlerimiz\/kamera-kayit-sistemleri\/toptan-guvenlik-kamera-satisi\/bullwark-toptan-guvenlik-kamera-satisi\">Bullwark Toptan G\u00fcvenlik Kamera Sat\u0131\u015f\u0131<\/a><\/li>\n\t\t\t<li class=\"sitemap-item page_item page-item-4177\"><a href=\"https:\/\/www.mypc.com.tr\/guvenlik\/hizmetlerimiz\/kamera-kayit-sistemleri\/toptan-guvenlik-kamera-satisi\/dahua-toptan-guvenlik-kamera-satisi\">Dahua Toptan G\u00fcvenlik Kamera Sat\u0131\u015f\u0131<\/a><\/li>\n\t\t\t<li class=\"sitemap-item page_item page-item-4190\"><a href=\"https:\/\/www.mypc.com.tr\/guvenlik\/hizmetlerimiz\/kamera-kayit-sistemleri\/toptan-guvenlik-kamera-satisi\/dunlop-toptan-guvenlik-kamera-satisi\">Dunlop Toptan G\u00fcvenlik Kamera Sat\u0131\u015f\u0131<\/a><\/li>\n\t\t\t<li class=\"sitemap-item page_item page-item-4161\"><a href=\"https:\/\/www.mypc.com.tr\/guvenlik\/hizmetlerimiz\/kamera-kayit-sistemleri\/toptan-guvenlik-kamera-satisi\/haikon-toptan-guvenlik-kamera-satisi\">Haikon Toptan G\u00fcvenlik Kamera Sat\u0131\u015f\u0131<\/a><\/li>\n\t\t\t<li class=\"sitemap-item page_item page-item-4755\"><a href=\"https:\/\/www.mypc.com.tr\/guvenlik\/hizmetlerimiz\/kamera-kayit-sistemleri\/toptan-guvenlik-kamera-satisi\/hilook-toptan-guvenlik-kamera-satisi\">Hilook Toptan G\u00fcvenlik Kamera Sat\u0131\u015f\u0131<\/a><\/li>\n\t\t\t<li class=\"sitemap-item page_item page-item-4186\"><a href=\"https:\/\/www.mypc.com.tr\/guvenlik\/hizmetlerimiz\/kamera-kayit-sistemleri\/toptan-guvenlik-kamera-satisi\/spy-toptan-guvenlik-kamera-satisi\">Spy Toptan G\u00fcvenlik Kamera Sat\u0131\u015f\u0131<\/a><\/li>\n\t\t<\/ul>\n<\/li>\n\t<\/ul>\n<\/li>\n<\/ul>\n<\/li>\n<li class=\"sitemap-item page_item page-item-40 page_item_has_children\"><a href=\"https:\/\/www.mypc.com.tr\/guvenlik\/iletisim\">\u0130leti\u015fim<\/a>\n<ul class='children'>\n\t<li class=\"sitemap-item page_item page-item-88\"><a href=\"https:\/\/www.mypc.com.tr\/guvenlik\/iletisim\/destek\">Destek<\/a><\/li>\n\t<li class=\"sitemap-item page_item page-item-92\"><a href=\"https:\/\/www.mypc.com.tr\/guvenlik\/iletisim\/fiyat-talebi\">Fiyat Talebi<\/a><\/li>\n<\/ul>\n<\/li>\n<li class=\"sitemap-item page_item page-item-164\"><a href=\"https:\/\/www.mypc.com.tr\/guvenlik\/kampanyalar\">Kampanyalar<\/a><\/li>\n<li class=\"sitemap-item page_item page-item-43\"><a href=\"https:\/\/www.mypc.com.tr\/guvenlik\/kurumsal\">Kurumsal<\/a><\/li>\n<li class=\"sitemap-item page_item page-item-5191\"><a href=\"https:\/\/www.mypc.com.tr\/guvenlik\/referanslarimiz\">Referanslar\u0131m\u0131z<\/a><\/li>\n<li class=\"sitemap-item page_item page-item-439\"><a href=\"https:\/\/www.mypc.com.tr\/guvenlik\/site-haritasi\">Site Haritas\u0131<\/a><\/li>\n<li class=\"sitemap-item page_item page-item-114 page_item_has_children\"><a href=\"https:\/\/www.mypc.com.tr\/guvenlik\/urunler\">\u00dcr\u00fcnler<\/a>\n<ul class='children'>\n\t<li class=\"sitemap-item page_item page-item-118 page_item_has_children\"><a href=\"https:\/\/www.mypc.com.tr\/guvenlik\/urunler\/alarm-guvenlik-sistemleri\">Alarm &amp; G\u00fcvenlik Sistemleri<\/a>\n\t<ul class='children'>\n\t\t<li class=\"sitemap-item page_item page-item-202 page_item_has_children\"><a href=\"https:\/\/www.mypc.com.tr\/guvenlik\/urunler\/alarm-guvenlik-sistemleri\/akilli-binalar\">Ak\u0131ll\u0131 Binalar<\/a>\n\t\t<ul class='children'>\n\t\t\t<li class=\"sitemap-item page_item page-item-281\"><a href=\"https:\/\/www.mypc.com.tr\/guvenlik\/urunler\/alarm-guvenlik-sistemleri\/akilli-binalar\/access-kontrol\">Access Kontrol<\/a><\/li>\n\t\t\t<li class=\"sitemap-item page_item page-item-277\"><a href=\"https:\/\/www.mypc.com.tr\/guvenlik\/urunler\/alarm-guvenlik-sistemleri\/akilli-binalar\/alarm-ve-otomasyon\">Alarm ve Otomasyon<\/a><\/li>\n\t\t\t<li class=\"sitemap-item page_item page-item-283\"><a href=\"https:\/\/www.mypc.com.tr\/guvenlik\/urunler\/alarm-guvenlik-sistemleri\/akilli-binalar\/parmak-izi-sistemleri\">Parmak \u0130zi Sistemleri<\/a><\/li>\n\t\t\t<li class=\"sitemap-item page_item page-item-279\"><a href=\"https:\/\/www.mypc.com.tr\/guvenlik\/urunler\/alarm-guvenlik-sistemleri\/akilli-binalar\/video-intercom\">Video \u0130ntercom<\/a><\/li>\n\t\t<\/ul>\n<\/li>\n\t<\/ul>\n<\/li>\n\t<li class=\"sitemap-item page_item page-item-116 page_item_has_children\"><a href=\"https:\/\/www.mypc.com.tr\/guvenlik\/urunler\/kamera-kayit-sistemleri\">Kamera &amp; Kay\u0131t Sistemleri<\/a>\n\t<ul class='children'>\n\t\t<li class=\"sitemap-item page_item page-item-1021\"><a href=\"https:\/\/www.mypc.com.tr\/guvenlik\/urunler\/kamera-kayit-sistemleri\/ahd-kameralar\">Ahd Kameralar<\/a><\/li>\n\t\t<li class=\"sitemap-item page_item page-item-194 page_item_has_children\"><a href=\"https:\/\/www.mypc.com.tr\/guvenlik\/urunler\/kamera-kayit-sistemleri\/hdcvi-urunler\">HDCVI \u00dcr\u00fcnler<\/a>\n\t\t<ul class='children'>\n\t\t\t<li class=\"sitemap-item page_item page-item-229\"><a href=\"https:\/\/www.mypc.com.tr\/guvenlik\/urunler\/kamera-kayit-sistemleri\/hdcvi-urunler\/hdcvi-dvr\">HDCVI Dvr<\/a><\/li>\n\t\t\t<li class=\"sitemap-item page_item page-item-225\"><a href=\"https:\/\/www.mypc.com.tr\/guvenlik\/urunler\/kamera-kayit-sistemleri\/hdcvi-urunler\/hdcvi-kamera\">HDCVI Kamera<\/a><\/li>\n\t\t\t<li class=\"sitemap-item page_item page-item-227\"><a href=\"https:\/\/www.mypc.com.tr\/guvenlik\/urunler\/kamera-kayit-sistemleri\/hdcvi-urunler\/hdcvi-ptz-kamera\">HDCVI PTZ Kamera<\/a><\/li>\n\t\t<\/ul>\n<\/li>\n\t\t<li class=\"sitemap-item page_item page-item-196 page_item_has_children\"><a href=\"https:\/\/www.mypc.com.tr\/guvenlik\/urunler\/kamera-kayit-sistemleri\/lazer-ptz-kameralar\">Lazer PTZ Kameralar<\/a>\n\t\t<ul class='children'>\n\t\t\t<li class=\"sitemap-item page_item page-item-239\"><a href=\"https:\/\/www.mypc.com.tr\/guvenlik\/urunler\/kamera-kayit-sistemleri\/lazer-ptz-kameralar\/lazer-termal-ptz-kamera\">Lazer + Termal PTZ Kamera<\/a><\/li>\n\t\t\t<li class=\"sitemap-item page_item page-item-237\"><a href=\"https:\/\/www.mypc.com.tr\/guvenlik\/urunler\/kamera-kayit-sistemleri\/lazer-ptz-kameralar\/lazer-ptz-kamera-analog\">Lazer PTZ Kamera - Analog<\/a><\/li>\n\t\t\t<li class=\"sitemap-item page_item page-item-235\"><a href=\"https:\/\/www.mypc.com.tr\/guvenlik\/urunler\/kamera-kayit-sistemleri\/lazer-ptz-kameralar\/lazer-ptz-kamera-ip\">Lazer PTZ Kamera - IP<\/a><\/li>\n\t\t<\/ul>\n<\/li>\n\t\t<li class=\"sitemap-item page_item page-item-200 page_item_has_children\"><a href=\"https:\/\/www.mypc.com.tr\/guvenlik\/urunler\/kamera-kayit-sistemleri\/mobil-urunler\">Mobil \u00dcr\u00fcnler<\/a>\n\t\t<ul class='children'>\n\t\t\t<li class=\"sitemap-item page_item page-item-258\"><a href=\"https:\/\/www.mypc.com.tr\/guvenlik\/urunler\/kamera-kayit-sistemleri\/mobil-urunler\/mobil-dvr\">Mobil DVR<\/a><\/li>\n\t\t\t<li class=\"sitemap-item page_item page-item-262\"><a href=\"https:\/\/www.mypc.com.tr\/guvenlik\/urunler\/kamera-kayit-sistemleri\/mobil-urunler\/mobil-ip-kamera\">Mobil IP Kamera<\/a><\/li>\n\t\t\t<li class=\"sitemap-item page_item page-item-260\"><a href=\"https:\/\/www.mypc.com.tr\/guvenlik\/urunler\/kamera-kayit-sistemleri\/mobil-urunler\/mobil-kamera\">Mobil Kamera<\/a><\/li>\n\t\t\t<li class=\"sitemap-item page_item page-item-266\"><a href=\"https:\/\/www.mypc.com.tr\/guvenlik\/urunler\/kamera-kayit-sistemleri\/mobil-urunler\/mobil-monitor\">Mobil Monit\u00f6r<\/a><\/li>\n\t\t\t<li class=\"sitemap-item page_item page-item-256\"><a href=\"https:\/\/www.mypc.com.tr\/guvenlik\/urunler\/kamera-kayit-sistemleri\/mobil-urunler\/mobil-nvr\">Mobil NVR<\/a><\/li>\n\t\t\t<li class=\"sitemap-item page_item page-item-264\"><a href=\"https:\/\/www.mypc.com.tr\/guvenlik\/urunler\/kamera-kayit-sistemleri\/mobil-urunler\/mobil-ptz-kamera\">Mobil PTZ Kamera<\/a><\/li>\n\t\t<\/ul>\n<\/li>\n\t\t<li class=\"sitemap-item page_item page-item-204 page_item_has_children\"><a href=\"https:\/\/www.mypc.com.tr\/guvenlik\/urunler\/kamera-kayit-sistemleri\/monitor-ve-videowall\">Monit\u00f6r ve Videowall<\/a>\n\t\t<ul class='children'>\n\t\t\t<li class=\"sitemap-item page_item page-item-285\"><a href=\"https:\/\/www.mypc.com.tr\/guvenlik\/urunler\/kamera-kayit-sistemleri\/monitor-ve-videowall\/cctv-monitorler\">CCTV Monit\u00f6rler<\/a><\/li>\n\t\t\t<li class=\"sitemap-item page_item page-item-289\"><a href=\"https:\/\/www.mypc.com.tr\/guvenlik\/urunler\/kamera-kayit-sistemleri\/monitor-ve-videowall\/mobil-arac-monitorleri\">Mobil Ara\u00e7 Monit\u00f6rleri<\/a><\/li>\n\t\t\t<li class=\"sitemap-item page_item page-item-287\"><a href=\"https:\/\/www.mypc.com.tr\/guvenlik\/urunler\/kamera-kayit-sistemleri\/monitor-ve-videowall\/videowall\">VideoWall<\/a><\/li>\n\t\t<\/ul>\n<\/li>\n\t\t<li class=\"sitemap-item page_item page-item-192 page_item_has_children\"><a href=\"https:\/\/www.mypc.com.tr\/guvenlik\/urunler\/kamera-kayit-sistemleri\/network-urunleri\">Network \u00dcr\u00fcnleri<\/a>\n\t\t<ul class='children'>\n\t\t\t<li class=\"sitemap-item page_item page-item-213 page_item_has_children\"><a href=\"https:\/\/www.mypc.com.tr\/guvenlik\/urunler\/kamera-kayit-sistemleri\/network-urunleri\/ip-kamera\">Ip Kamera<\/a>\n\t\t\t<ul class='children'>\n\t\t\t\t<li class=\"sitemap-item page_item page-item-1342\"><a href=\"https:\/\/www.mypc.com.tr\/guvenlik\/urunler\/kamera-kayit-sistemleri\/network-urunleri\/ip-kamera\/bullwark-ip-kamera\">Bullwark Ip Kamera<\/a><\/li>\n\t\t\t\t<li class=\"sitemap-item page_item page-item-1335\"><a href=\"https:\/\/www.mypc.com.tr\/guvenlik\/urunler\/kamera-kayit-sistemleri\/network-urunleri\/ip-kamera\/dahua-ip-kamera\">Dahua Ip Kamera<\/a><\/li>\n\t\t\t\t<li class=\"sitemap-item page_item page-item-1346\"><a href=\"https:\/\/www.mypc.com.tr\/guvenlik\/urunler\/kamera-kayit-sistemleri\/network-urunleri\/ip-kamera\/dunlop-ip-kamera\">Dunlop Ip Kamera<\/a><\/li>\n\t\t\t\t<li class=\"sitemap-item page_item page-item-1315\"><a href=\"https:\/\/www.mypc.com.tr\/guvenlik\/urunler\/kamera-kayit-sistemleri\/network-urunleri\/ip-kamera\/haikon-ip-kamera\">Haikon Ip Kamera<\/a><\/li>\n\t\t\t\t<li class=\"sitemap-item page_item page-item-1355\"><a href=\"https:\/\/www.mypc.com.tr\/guvenlik\/urunler\/kamera-kayit-sistemleri\/network-urunleri\/ip-kamera\/neutron-ip-kamera\">Neutron Ip Kamera<\/a><\/li>\n\t\t\t\t<li class=\"sitemap-item page_item page-item-1358\"><a href=\"https:\/\/www.mypc.com.tr\/guvenlik\/urunler\/kamera-kayit-sistemleri\/network-urunleri\/ip-kamera\/samsung-ip-kamera\">Samsung Ip Kamera<\/a><\/li>\n\t\t\t\t<li class=\"sitemap-item page_item page-item-1361\"><a href=\"https:\/\/www.mypc.com.tr\/guvenlik\/urunler\/kamera-kayit-sistemleri\/network-urunleri\/ip-kamera\/sony-ip-kamera\">Sony Ip Kamera<\/a><\/li>\n\t\t\t\t<li class=\"sitemap-item page_item page-item-1349\"><a href=\"https:\/\/www.mypc.com.tr\/guvenlik\/urunler\/kamera-kayit-sistemleri\/network-urunleri\/ip-kamera\/spy-ip-kamera\">Spy Ip Kamera<\/a><\/li>\n\t\t\t<\/ul>\n<\/li>\n\t\t\t<li class=\"sitemap-item page_item page-item-215\"><a href=\"https:\/\/www.mypc.com.tr\/guvenlik\/urunler\/kamera-kayit-sistemleri\/network-urunleri\/ip-ptz-kamera\">IP PTZ Kamera<\/a><\/li>\n\t\t\t<li class=\"sitemap-item page_item page-item-219\"><a href=\"https:\/\/www.mypc.com.tr\/guvenlik\/urunler\/kamera-kayit-sistemleri\/network-urunleri\/ip-storage\">IP Storage<\/a><\/li>\n\t\t\t<li class=\"sitemap-item page_item page-item-217\"><a href=\"https:\/\/www.mypc.com.tr\/guvenlik\/urunler\/kamera-kayit-sistemleri\/network-urunleri\/nvr\">NVR<\/a><\/li>\n\t\t<\/ul>\n<\/li>\n\t\t<li class=\"sitemap-item page_item page-item-198 page_item_has_children\"><a href=\"https:\/\/www.mypc.com.tr\/guvenlik\/urunler\/kamera-kayit-sistemleri\/termal-ptz-kameralar\">Termal PTZ Kameralar<\/a>\n\t\t<ul class='children'>\n\t\t\t<li class=\"sitemap-item page_item page-item-243\"><a href=\"https:\/\/www.mypc.com.tr\/guvenlik\/urunler\/kamera-kayit-sistemleri\/termal-ptz-kameralar\/analog-termal-ptz-kamera\">Analog Termal PTZ Kamera<\/a><\/li>\n\t\t\t<li class=\"sitemap-item page_item page-item-245\"><a href=\"https:\/\/www.mypc.com.tr\/guvenlik\/urunler\/kamera-kayit-sistemleri\/termal-ptz-kameralar\/bullet-termal-kamera\">Bullet Termal Kamera<\/a><\/li>\n\t\t\t<li class=\"sitemap-item page_item page-item-247\"><a href=\"https:\/\/www.mypc.com.tr\/guvenlik\/urunler\/kamera-kayit-sistemleri\/termal-ptz-kameralar\/durbun-termal-kamera\">D\u00fcrb\u00fcn Termal Kamera<\/a><\/li>\n\t\t\t<li class=\"sitemap-item page_item page-item-241\"><a href=\"https:\/\/www.mypc.com.tr\/guvenlik\/urunler\/kamera-kayit-sistemleri\/termal-ptz-kameralar\/ip-termal-ptz-kamera\">IP Termal PTZ Kamera<\/a><\/li>\n\t\t<\/ul>\n<\/li>\n\t<\/ul>\n<\/li>\n<\/ul>\n<\/li>\n<\/ul><\/div><\/div><br style=\"clear: both;\">\n","protected":false},"excerpt":{"rendered":"","protected":false},"author":1,"featured_media":0,"parent":0,"menu_order":0,"comment_status":"closed","ping_status":"closed","template":"template-archives.php","meta":[],"aioseo_notices":[],"_links":{"self":[{"href":"https:\/\/www.mypc.com.tr\/guvenlik\/wp-json\/wp\/v2\/pages\/439"}],"collection":[{"href":"https:\/\/www.mypc.com.tr\/guvenlik\/wp-json\/wp\/v2\/pages"}],"about":[{"href":"https:\/\/www.mypc.com.tr\/guvenlik\/wp-json\/wp\/v2\/types\/page"}],"author":[{"embeddable":true,"href":"https:\/\/www.mypc.com.tr\/guvenlik\/wp-json\/wp\/v2\/users\/1"}],"replies":[{"embeddable":true,"href":"https:\/\/www.mypc.com.tr\/guvenlik\/wp-json\/wp\/v2\/comments?post=439"}],"version-history":[{"count":0,"href":"https:\/\/www.mypc.com.tr\/guvenlik\/wp-json\/wp\/v2\/pages\/439\/revisions"}],"wp:attachment":[{"href":"https:\/\/www.mypc.com.tr\/guvenlik\/wp-json\/wp\/v2\/media?parent=439"}],"curies":[{"name":"wp","href":"https:\/\/api.w.org\/{rel}","templated":true}]}}